{"id":166,"date":"2023-10-05T08:09:42","date_gmt":"2023-10-05T08:09:42","guid":{"rendered":"https:\/\/seismik.lu\/?page_id=166"},"modified":"2023-11-15T14:51:20","modified_gmt":"2023-11-15T14:51:20","slug":"accueil","status":"publish","type":"page","link":"https:\/\/seismik.lu\/de\/","title":{"rendered":"Accueil"},"content":{"rendered":"<section class=\"bloc-ttl is-inset-bottom-60\">\n    <div class=\"wrapper\">\n        <div class=\"row\">\n            <div class=\"col-xs-12 reveal reveal-visible-1\">\n                <h1 class=\"h1\">Erkundung des Untergrunds im s\u00fcdlichen Luxemburg<\/h1>                <span class=\"is-text\"><p>2015 gab es wissenschaftliche Hinweise auf das Potenzial f\u00fcr mitteltiefe Geothermie in Luxemburg. Mittels Seismik wird nun eine geophysikalische Prospektion eingeleitet, um Informationen \u00fcber den tieferen Luxemburger Untergrund zu sammeln.<\/p>\n<p>Die seismische Erkundung nutzt Vibrationswellen \u00e4hnlich wie bei einer Ultraschalluntersuchung, um Einblicke in die Untergrundstruktur zu gewinnen. Teams platzieren Sensoren und Lastwagen erzeugen leichte Vibrationen auf vordefinierten Routen. Das Ziel ist die Charakterisierung des Potenzials f\u00fcr mitteltiefe Geothermie.<\/p>\n<\/span>                <a href=\"https:\/\/seismik.lu\/de\/seismische-erkundung-vermessung-des-untergrunds-in-der-suedlichen-region-luxemburgs\/\" class=\"button\">Mehr lesen<\/a>            <\/div>\n        <\/div>\n    <\/div>\n<\/section>\n\n<section class=\"bloc-ttl is-inset-bottom-60\">\n    <div class=\"wrapper\">\n        <div class=\"row\">\n            <div class=\"col-xs-12 reveal reveal-visible-1\">\n                <h1 class=\"h1\">Was ist Geothermie?<\/h1>                <span class=\"is-text\"><p>Geothermie nutzt die in der Erdkruste gespeicherte W\u00e4rmeenergie. Sie bietet eine nachhaltige Alternative zu fossilen Brennstoffen und gewinnt in Luxemburg zunehmend an Bedeutung.<br \/>\nFlache Geothermie ist ideal f\u00fcr Einfamilienh\u00e4user, w\u00e4hrend mitteltiefe Geothermie gr\u00f6\u00dfere Geb\u00e4ude und energieintensive Stadtteile versorgen kann.<\/p>\n<\/span>                <a href=\"https:\/\/seismik.lu\/de\/geothermie-eine-saubere-energie-mit-grossem-potenzial-fuer-die-beheizung-von-wohnhaeusern-und-stadtvierteln-in-luxemburg\/\" class=\"button\">Mehr lesen<\/a>            <\/div>\n        <\/div>\n    <\/div>\n<\/section>","protected":false},"excerpt":{"rendered":"","protected":false},"author":1,"featured_media":171,"parent":0,"menu_order":0,"comment_status":"closed","ping_status":"closed","template":"","meta":{"_acf_changed":false,"footnotes":""},"class_list":["post-166","page","type-page","status-publish","has-post-thumbnail","hentry"],"acf":[],"_links":{"self":[{"href":"https:\/\/seismik.lu\/de\/wp-json\/wp\/v2\/pages\/166","targetHints":{"allow":["GET"]}}],"collection":[{"href":"https:\/\/seismik.lu\/de\/wp-json\/wp\/v2\/pages"}],"about":[{"href":"https:\/\/seismik.lu\/de\/wp-json\/wp\/v2\/types\/page"}],"author":[{"embeddable":true,"href":"https:\/\/seismik.lu\/de\/wp-json\/wp\/v2\/users\/1"}],"replies":[{"embeddable":true,"href":"https:\/\/seismik.lu\/de\/wp-json\/wp\/v2\/comments?post=166"}],"version-history":[{"count":22,"href":"https:\/\/seismik.lu\/de\/wp-json\/wp\/v2\/pages\/166\/revisions"}],"predecessor-version":[{"id":489,"href":"https:\/\/seismik.lu\/de\/wp-json\/wp\/v2\/pages\/166\/revisions\/489"}],"wp:featuredmedia":[{"embeddable":true,"href":"https:\/\/seismik.lu\/de\/wp-json\/wp\/v2\/media\/171"}],"wp:attachment":[{"href":"https:\/\/seismik.lu\/de\/wp-json\/wp\/v2\/media?parent=166"}],"curies":[{"name":"wp","href":"https:\/\/api.w.org\/{rel}","templated":true}]}}