{"id":172,"date":"2023-10-06T14:47:05","date_gmt":"2023-10-06T14:47:05","guid":{"rendered":"https:\/\/seismik.lu\/?page_id=172"},"modified":"2023-11-09T14:07:57","modified_gmt":"2023-11-09T14:07:57","slug":"geothermie-eine-saubere-energie-mit-grossem-potenzial-fuer-die-beheizung-von-wohnhaeusern-und-stadtvierteln-in-luxemburg","status":"publish","type":"page","link":"https:\/\/seismik.lu\/de\/geothermie-eine-saubere-energie-mit-grossem-potenzial-fuer-die-beheizung-von-wohnhaeusern-und-stadtvierteln-in-luxemburg\/","title":{"rendered":"Geothermie: Eine saubere Energie mit gro\u00dfem Potenzial f\u00fcr die Beheizung von Wohnh\u00e4usern und Stadtvierteln in Luxemburg"},"content":{"rendered":"\n<h2 class=\"wp-block-heading\">Geothermie: Nationaler Kontext und Herausforderungen<\/h2>\n\n\n\n<p>Der NEKP (Integrierter Nationaler Energie- und Klimaplan) erkennt die Geothermie als eine der grundlegenden S\u00e4ulen zur Erreichung der Ziele im Bereich erneuerbare Energien an.<\/p>\n\n\n\n<p>Tats\u00e4chlich ist die Geothermie eine vielversprechende Energiequelle zur Bereitstellung erneuerbarer W\u00e4rme und kann somit zur Dekarbonisierung des W\u00e4rmesektors dienen. Die flache Geothermie dient haupts\u00e4chlich der W\u00e4rmeversorgung von Einfamilienh\u00e4usern und Wohnanlagen, w\u00e4hrend die mitteltiefe Geothermie zur W\u00e4rmeversorgung von Geb\u00e4uden oder Stadtteilen mit hohem W\u00e4rmebedarf beitragen kann.<\/p>\n\n\n\n<p>Um das Potenzial der mitteltiefen Geothermie in Luxemburg zu erforschen, wurden mehrere Studien in Auftrag gegeben, die ein hohes Potenzial im S\u00fcden des Landes aufzeigen, insbesondere in Regionen mit hohem Energiebedarf. Die Nutzung der mitteltiefen Geothermie stellt sich dann als die optimale L\u00f6sung dar. Daher wurden verschiedene Pilotprojekte initiiert, um erste Erfahrungen mit der Nutzung dieses Potenzials zu sammeln und gleichzeitig die Hindernisse in Luxemburg zu identifizieren.<\/p>\n\n\n\n<h2 class=\"wp-block-heading\">Was ist geothermische Energie?<\/h2>\n\n\n\n<p>Geothermische Energie ist W\u00e4rmeenergie, die in der Erdkruste gespeichert ist und gewonnen werden kann.<\/p>\n\n\n\n<p>Grunds\u00e4tzlich kann sie zum Heizen und K\u00fchlen, zur Stromerzeugung oder zur W\u00e4rme- und Stromerzeugung genutzt werden.<\/p>\n\n\n\n<p>Sie kann auch f\u00fcr die Kraft-W\u00e4rme-Kopplung genutzt werden. Als erneuerbare Prim\u00e4renergiequelle ist Erdw\u00e4rme eine Alternative zu fossilen Energiequellen und gewinnt in Luxemburg zunehmend an Bedeutung.<\/p>\n\n\n\n<p>Aus dem Kern der Erde steigt st\u00e4ndig W\u00e4rme auf, die zusammen mit der Sonnenenergie das Leben auf der Erdoberfl\u00e4che erst m\u00f6glich macht.<\/p>\n\n\n\n<p>Infolgedessen nimmt die Temperatur des Gesteins mit zunehmender Tiefe zu. Dieser geothermische Gradient betr\u00e4gt im Durchschnitt 30 \u00b0C pro Kilometer, kann aber je nach geologischer Situation der Region auch niedriger oder h\u00f6her sein.<\/p>\n\n\n\n<p>Die Erdw\u00e4rme nutzbar zu machen bedeutet in der Regel, die W\u00e4rme durch Bohrungen an die Oberfl\u00e4che zu bringen. Je nach Tiefe der Bohrung spricht man von oberfl\u00e4chennaher Geothermie (bis 400 m) und mitteltiefer Geothermie (von 400 m bis 2500 m). <\/p>\n\n\n\n<p>Die Nutzung der tiefen Geothermie erfordert geologische Grundvoraussetzungen wie hydrothermale Lagerst\u00e4tten oder oberfl\u00e4chennahe hei\u00dfe Gesteinsformationen, die in Luxemburg nicht vorhanden sind.<\/p>\n","protected":false},"excerpt":{"rendered":"<p>Geothermie: Nationaler Kontext und Herausforderungen Der NEKP (Integrierter Nationaler Energie- und Klimaplan) erkennt die Geothermie als eine der grundlegenden S\u00e4ulen zur Erreichung der Ziele im Bereich erneuerbare Energien an. Tats\u00e4chlich ist die Geothermie eine vielversprechende Energiequelle zur Bereitstellung erneuerbarer W\u00e4rme und kann somit zur Dekarbonisierung des W\u00e4rmesektors dienen. Die flache Geothermie dient haupts\u00e4chlich der W\u00e4rmeversorgung [&hellip;]<\/p>\n","protected":false},"author":1,"featured_media":0,"parent":0,"menu_order":0,"comment_status":"closed","ping_status":"closed","template":"","meta":{"_acf_changed":false,"footnotes":""},"class_list":["post-172","page","type-page","status-publish","hentry"],"acf":[],"_links":{"self":[{"href":"https:\/\/seismik.lu\/de\/wp-json\/wp\/v2\/pages\/172","targetHints":{"allow":["GET"]}}],"collection":[{"href":"https:\/\/seismik.lu\/de\/wp-json\/wp\/v2\/pages"}],"about":[{"href":"https:\/\/seismik.lu\/de\/wp-json\/wp\/v2\/types\/page"}],"author":[{"embeddable":true,"href":"https:\/\/seismik.lu\/de\/wp-json\/wp\/v2\/users\/1"}],"replies":[{"embeddable":true,"href":"https:\/\/seismik.lu\/de\/wp-json\/wp\/v2\/comments?post=172"}],"version-history":[{"count":3,"href":"https:\/\/seismik.lu\/de\/wp-json\/wp\/v2\/pages\/172\/revisions"}],"predecessor-version":[{"id":448,"href":"https:\/\/seismik.lu\/de\/wp-json\/wp\/v2\/pages\/172\/revisions\/448"}],"wp:attachment":[{"href":"https:\/\/seismik.lu\/de\/wp-json\/wp\/v2\/media?parent=172"}],"curies":[{"name":"wp","href":"https:\/\/api.w.org\/{rel}","templated":true}]}}