{"id":190,"date":"2023-10-06T14:06:47","date_gmt":"2023-10-06T14:06:47","guid":{"rendered":"https:\/\/seismik.lu\/?page_id=190"},"modified":"2023-11-10T12:41:09","modified_gmt":"2023-11-10T12:41:09","slug":"seismische-erkundung-vermessung-des-untergrunds-in-der-suedlichen-region-luxemburgs","status":"publish","type":"page","link":"https:\/\/seismik.lu\/de\/seismische-erkundung-vermessung-des-untergrunds-in-der-suedlichen-region-luxemburgs\/","title":{"rendered":"Reflexionsseismik: Erkundung des Untergrunds im s\u00fcdlichen Luxemburg"},"content":{"rendered":"\n<figure class=\"wp-block-image size-full\"><img decoding=\"async\" src=\"https:\/\/seismik.lu\/wp-content\/uploads\/2023\/10\/seismic_data_final_DE.svg\" alt=\"\" class=\"wp-image-252\"\/><\/figure>\n\n\n\n<div style=\"height:20px\" aria-hidden=\"true\" class=\"wp-block-spacer\"><\/div>\n\n\n\n<h2 class=\"wp-block-heading\">Allgemeiner Hintergrund der seismischen Erkundung<\/h2>\n\n\n\n<div style=\"height:10px\" aria-hidden=\"true\" class=\"wp-block-spacer\"><\/div>\n\n\n\n<div class=\"wp-block-columns is-layout-flex wp-container-core-columns-is-layout-9d6595d7 wp-block-columns-is-layout-flex\">\n<div class=\"wp-block-column is-layout-flow wp-block-column-is-layout-flow\">\n<p>Im Jahr 2015 lieferte eine Forschungsarbeit erstmals detaillierte Daten zum Potenzial der mitteltiefen geothermischen Energie in Luxemburg \u2013 und zeigte ein nicht zu vernachl\u00e4ssigendes Potenzial auf. Aufgrund des Mangels an verl\u00e4sslichen Daten wurde die mitteltiefe Geothermie in Luxemburg bislang jedoch nicht ber\u00fccksichtigt, obwohl sie ein vielversprechendes Potenzial f\u00fcr die Versorgung von Stadtvierteln \u00fcber Fernw\u00e4rmenetze besitzt.<\/p>\n\n\n\n<p>Um das zu best\u00e4tigen und eine detailliertere Prognose der geothermischen, geologischen und hydrogeologischen Bedingungen zu erstellen, war daher eine zus\u00e4tzliche Machbarkeitsstudie erforderlich.<br>In einer ersten Phase wurde 2018 eine Erkundungsbohrung in einer Tiefe von 430 Metern durchgef\u00fchrt. Sie diente dazu, in-situ geothermische Parameter in diesem Bereich zu bestimmen.<\/p>\n<\/div>\n\n\n\n<div class=\"wp-block-column is-layout-flow wp-block-column-is-layout-flow\">\n<p>Im Jahr 2023 wird nun eine geophysikalische Erkundung mittels Seismik eingeleitet, um Informationen \u00fcber den noch tieferen Untergrund zu sammeln. Dabei sollen auch die geologischen Annahmen \u00fcberpr\u00fcft werden, damit der optimale Standort und die erforderliche Tiefe f\u00fcr eine anschlie\u00dfende mitteltiefe Erkundungsbohrung (800 bis 2.000 Meter) ausgew\u00e4hlt werden k\u00f6nnen.<\/p>\n\n\n\n<p>Erst wenn diese zweite Explorationsbohrung und die entsprechenden hydraulischen Tests durchgef\u00fchrt worden sind, kann ein endg\u00fcltiger Schluss \u00fcber das tats\u00e4chlich verf\u00fcgbare Potenzial der mitteltiefen Geothermie gezogen werden.<\/p>\n<\/div>\n<\/div>\n\n\n\n<h2 class=\"wp-block-heading\">Der Ansatz der seismischen Erkundung<\/h2>\n\n\n\n<div style=\"height:10px\" aria-hidden=\"true\" class=\"wp-block-spacer\"><\/div>\n\n\n\n<figure class=\"wp-block-image size-large\"><img decoding=\"async\" width=\"1024\" height=\"682\" src=\"https:\/\/seismik.lu\/wp-content\/uploads\/2023\/11\/Photo-camions_1-1024x682.jpg\" alt=\"\" class=\"wp-image-454\" srcset=\"https:\/\/seismik.lu\/wp-content\/uploads\/2023\/11\/Photo-camions_1-1024x682.jpg 1024w, https:\/\/seismik.lu\/wp-content\/uploads\/2023\/11\/Photo-camions_1-300x200.jpg 300w, https:\/\/seismik.lu\/wp-content\/uploads\/2023\/11\/Photo-camions_1-768x512.jpg 768w, https:\/\/seismik.lu\/wp-content\/uploads\/2023\/11\/Photo-camions_1.jpg 1280w\" sizes=\"(max-width: 1024px) 100vw, 1024px\" \/><\/figure>\n\n\n\n<div style=\"height:29px\" aria-hidden=\"true\" class=\"wp-block-spacer\"><\/div>\n\n\n\n<p>\u00c4hnlich wie bei der Ultraschalluntersuchung nutzt eine geophysikalische seismische Untersuchung die Ausbreitung der an der Oberfl\u00e4che erzeugten Schwingungen und Reflexion, um ein Bild des Untergrundaufbaus zu liefern. Mithilfe einer an LKW befestigten vibrierenden Platte werden an zuvor festgelegten Stellen Vibrationswellen unterschiedlicher Frequenzen erzeugt. Die Reflexionen an den geologischen Schichten in der Tiefe werden dann von Sensoren, den sogenannten Geophonen, aufgezeichnet.<\/p>\n\n\n\n<div style=\"height:15px\" aria-hidden=\"true\" class=\"wp-block-spacer\"><\/div>\n\n\n\n<div class=\"wp-block-media-text is-stacked-on-mobile\" style=\"grid-template-columns:36% auto\"><figure class=\"wp-block-media-text__media\"><img decoding=\"async\" width=\"682\" height=\"1024\" src=\"https:\/\/seismik.lu\/wp-content\/uploads\/2023\/11\/Photo-geophone_1-682x1024.jpg\" alt=\"\" class=\"wp-image-457 size-full\" srcset=\"https:\/\/seismik.lu\/wp-content\/uploads\/2023\/11\/Photo-geophone_1-682x1024.jpg 682w, https:\/\/seismik.lu\/wp-content\/uploads\/2023\/11\/Photo-geophone_1-200x300.jpg 200w, https:\/\/seismik.lu\/wp-content\/uploads\/2023\/11\/Photo-geophone_1-768x1152.jpg 768w, https:\/\/seismik.lu\/wp-content\/uploads\/2023\/11\/Photo-geophone_1.jpg 853w\" sizes=\"(max-width: 682px) 100vw, 682px\" \/><\/figure><div class=\"wp-block-media-text__content\">\n<p>Die Geophone werden einige Tage vor den Messungen aufgestellt, w\u00e4hrend sich die Lastwagen in Form einer mobilen Baustelle entlang einer vordefinierten Route bewegen. Dieser Konvoi aus 1 bis 3 vibrierenden Lastwagen wird alle 20 bis 50 Meter f\u00fcr 20 bis 30 Sekunden Vibrationen erzeugen. Die Geophone mit den Aufzeichnungen der leichten Vibrationen werden am Ende der Kampagne wieder eingesammelt. Insgesamt werden etwa 20 Personen 2 bis 3 Wochen lang vor Ort t\u00e4tig sein.<\/p>\n<\/div><\/div>\n\n\n\n<div style=\"height:30px\" aria-hidden=\"true\" class=\"wp-block-spacer\"><\/div>\n\n\n\n<h2 class=\"wp-block-heading\">Ablauf und Fristen<\/h2>\n\n\n\n<div style=\"height:10px\" aria-hidden=\"true\" class=\"wp-block-spacer\"><\/div>\n\n\n\n<p>Die vorl\u00e4ufige Planung sieht derzeit vor, die Kommunikationskampagne nach dem 30. Oktober 2023 zu starten und die Feldeins\u00e4tze danach durchzuf\u00fchren.<br>Eine umfassende Vorbereitung der Eins\u00e4tze wird in den kommenden Wochen und Monaten durch das mit den Arbeiten beauftragte Unternehmen unter Begleitung und Kontrolle des Service g\u00e9ologique de l\u2019\u00c9at erfolgen.<\/p>\n\n\n\n<div class=\"wp-block-columns is-layout-flex wp-container-core-columns-is-layout-9d6595d7 wp-block-columns-is-layout-flex\">\n<div class=\"wp-block-column is-layout-flow wp-block-column-is-layout-flow\" style=\"flex-basis:100%\">\n<figure class=\"wp-block-embed is-type-video is-provider-youtube wp-block-embed-youtube wp-embed-aspect-16-9 wp-has-aspect-ratio\"><div class=\"wp-block-embed__wrapper\">\n<iframe title=\"Animation Acquisition Geophy\" width=\"640\" height=\"360\" src=\"https:\/\/www.youtube.com\/embed\/fPZ7hibWZr4?feature=oembed\" frameborder=\"0\" allow=\"accelerometer; autoplay; clipboard-write; encrypted-media; gyroscope; picture-in-picture; web-share\" referrerpolicy=\"strict-origin-when-cross-origin\" allowfullscreen><\/iframe>\n<\/div><figcaption class=\"wp-element-caption\">\u00a9 Smart Seismic Solutions<\/figcaption><\/figure>\n<\/div>\n<\/div>\n\n\n\n<p><\/p>\n","protected":false},"excerpt":{"rendered":"<p>Allgemeiner Hintergrund der seismischen Erkundung Im Jahr 2015 lieferte eine Forschungsarbeit erstmals detaillierte Daten zum Potenzial der mitteltiefen geothermischen Energie in Luxemburg \u2013 und zeigte ein nicht zu vernachl\u00e4ssigendes Potenzial auf. Aufgrund des Mangels an verl\u00e4sslichen Daten wurde die mitteltiefe Geothermie in Luxemburg bislang jedoch nicht ber\u00fccksichtigt, obwohl sie ein vielversprechendes Potenzial f\u00fcr die Versorgung [&hellip;]<\/p>\n","protected":false},"author":1,"featured_media":0,"parent":0,"menu_order":0,"comment_status":"closed","ping_status":"closed","template":"","meta":{"_acf_changed":false,"footnotes":""},"class_list":["post-190","page","type-page","status-publish","hentry"],"acf":[],"_links":{"self":[{"href":"https:\/\/seismik.lu\/de\/wp-json\/wp\/v2\/pages\/190","targetHints":{"allow":["GET"]}}],"collection":[{"href":"https:\/\/seismik.lu\/de\/wp-json\/wp\/v2\/pages"}],"about":[{"href":"https:\/\/seismik.lu\/de\/wp-json\/wp\/v2\/types\/page"}],"author":[{"embeddable":true,"href":"https:\/\/seismik.lu\/de\/wp-json\/wp\/v2\/users\/1"}],"replies":[{"embeddable":true,"href":"https:\/\/seismik.lu\/de\/wp-json\/wp\/v2\/comments?post=190"}],"version-history":[{"count":21,"href":"https:\/\/seismik.lu\/de\/wp-json\/wp\/v2\/pages\/190\/revisions"}],"predecessor-version":[{"id":466,"href":"https:\/\/seismik.lu\/de\/wp-json\/wp\/v2\/pages\/190\/revisions\/466"}],"wp:attachment":[{"href":"https:\/\/seismik.lu\/de\/wp-json\/wp\/v2\/media?parent=190"}],"curies":[{"name":"wp","href":"https:\/\/api.w.org\/{rel}","templated":true}]}}