{"id":274,"date":"2023-10-19T14:16:15","date_gmt":"2023-10-19T14:16:15","guid":{"rendered":"https:\/\/seismik.lu\/?page_id=274"},"modified":"2023-10-19T14:28:11","modified_gmt":"2023-10-19T14:28:11","slug":"hinweise-zum-schutz-der-privatsphaere-von-dritten","status":"publish","type":"page","link":"https:\/\/seismik.lu\/de\/hinweise-zum-schutz-der-privatsphaere-von-dritten\/","title":{"rendered":"Hinweise zum Schutz der Privatsph\u00e4re von Dritten"},"content":{"rendered":"\n<h2 class=\"wp-block-heading\">Allgemeine Informationen<\/h2>\n\n\n\n<h3 class=\"wp-block-heading\">Unsere Verpflichtung<\/h3>\n\n\n\n<p>Klima-Agence verpflichtet sich, Ihre Privatsph\u00e4re und Angaben zu Ihrer Person zu sch\u00fctzen. Wir halten uns an alle geltenden Regelungen zum Schutz von personenbezogenen Daten und arbeiten mit der luxemburgischen Datenschutzbeh\u00f6rde (CNPD) zusammen. Die vorliegenden Verhaltensregeln zum Schutz der Privatsph\u00e4re erl\u00e4utern unsere Datenschutzpolitik, obwohl die Website Seismik.lu keine personenbezogenen Daten sammelt.<\/p>\n\n\n\n<h3 class=\"wp-block-heading\">Was wird in diesem Dokument behandelt?<\/h3>\n\n\n\n<p>Diese Verhaltensregeln zum Schutz der Privatsph\u00e4re gelten f\u00fcr alle personenbezogenen Daten, die Sie bei einer Interaktion mit Seismik.lu \u00fcbermitteln k\u00f6nnen. Wir sammeln keine personenbezogenen Daten, wenn Sie auf unserer Website surfen. Diese Verhaltensregeln gelten nur f\u00fcr Daten, die Sie m\u00f6glicherweise \u00fcbermitteln, indem Sie sich an die E-Mail-Adresse info@seismik.lu wenden.<\/p>\n\n\n\n<h3 class=\"wp-block-heading\">Wer ist f\u00fcr Ihre personenbezogenen Daten verantwortlich?<\/h3>\n\n\n\n<p>Wenn Sie Fragen zum Datenschutz haben, k\u00f6nnen Sie uns unter folgender Adresse kontaktieren:<\/p>\n\n\n\n<p><strong>Datenschutzbeauftragter<\/strong><br>Name: DPO (Data Protection Officer)<br>Organisation: Klima-Agentur G.I.E.<br>Anschrift: 2, Circuit de la Foire internationale.<br>L-1347 Luxemburg<br>Tel.: 40 66 58 &#8211; 58<br>dpo@klima-agence.lu<\/p>\n\n\n\n<h3 class=\"wp-block-heading\">Modalit\u00e4ten f\u00fcr die \u00c4nderung dieser Regeln<\/h3>\n\n\n\n<p>Wir sind berechtigt, diese Datenschutzrichtlinien zu \u00e4ndern, indem wir eine aktualisierte Fassung der vorliegenden Hinweise ver\u00f6ffentlichen. Sie werden von uns \u00fcber jede wichtige \u00c4nderung in angemessener Weise informiert.<\/p>\n\n\n\n<h2 class=\"wp-block-heading\">Verarbeitung Ihrer personenbezogenen Daten<\/h2>\n\n\n\n<p>Die Website Seismik.lu sammelt keine personenbezogenen Daten, wenn Sie auf der Website surfen. Die einzigen Daten, die m\u00f6glicherweise im Zusammenhang mit der Website Seismik.lu \u00fcbermittelt werden, sind diejenigen, die Sie gegebenenfalls freiwillig mitteilen, indem Sie die auf der Website angegebene E-Mail-Adresse info@seismik.lu kontaktieren. Klima-Agence G.I.E. hat keinen Zugang zu den von Ihnen durch Kontaktaufnahme mit der E-Mail-Adresse info@seismik.lu mitgeteilten Daten und lehnt jede Verantwortung f\u00fcr die Verarbeitung dieser Daten ab.<br>Je nach Art Ihrer Anfrage werden die Daten, die Sie \u00fcber die E-Mail-Adresse info@seismik.lu \u00fcbermitteln, direkt von den Betreibern des Seismik-Projekts verarbeitet, und zwar ausschlie\u00dflich zum Zweck der Beantwortung Ihrer Anfrage:<\/p>\n\n\n\n<ul class=\"wp-block-list\">\n<li>Die Stra\u00dfenbauverwaltung<\/li>\n\n\n\n<li>Der \u00ab Service g\u00e9ologique de l\u2019\u00c9tat \u00bb<\/li>\n\n\n\n<li>Das Unternehmen Smart Seismic Solutions<\/li>\n<\/ul>\n\n\n\n<p>Die Daten, die Sie bei der Kontaktaufnahme mit der E-Mail-Adresse info@seismik.lu angeben, werden von den Betreibern des Seismik-Projekts ausschlie\u00dflich zum Zweck der Bearbeitung Ihrer Anfrage verwendet. Indem Sie eine E-Mail an diese Adresse senden, erkl\u00e4ren Sie sich mit der Verarbeitung der von Ihnen angegebenen Daten zur Beantwortung Ihrer Anfrage einverstanden.<\/p>\n\n\n\n<h2 class=\"wp-block-heading\">Cookies<\/h2>\n\n\n\n<p>Cookies sind kleine Textdateien, die auf dem Computer oder mobilen Ger\u00e4t des Besuchers einer Website von seinem Webbrowser gespeichert werden k\u00f6nnen. Sie erm\u00f6glichen es, pers\u00f6nliche Einstellungen f\u00fcr den Betrieb auf der Website zu erstellen.<br>Die einzigen Cookies, die von der Sesimik.lu Webseite verwendet werden, sind Sitzungscookies, die dazu dienen, die Spracheinstellungen zu speichern.<br>Durch die Nutzung unserer Website erkl\u00e4ren Sie sich damit einverstanden, diese Art von Cookies auf Ihrem Ger\u00e4t zu erhalten.<\/p>\n\n\n\n<h2 class=\"wp-block-heading\">Welche Rechte haben Sie und wie k\u00f6nnen Sie diese aus\u00fcben?<\/h2>\n\n\n\n<p>Wenn Sie Fragen, Anmerkungen oder Bedenken bez\u00fcglich unseres Umgangs mit Ihren personenbezogenen Daten haben, wenden Sie sich bitte direkt an den Datenschutzbeauftragten, deren Kontaktdaten weiter oben in diesem Dokument zu finden sind.<\/p>\n\n\n\n<p>Sie sind berechtigt,<\/p>\n\n\n\n<ol class=\"wp-block-list\">\n<li>eine Kopie der bei uns gespeicherten personenbezogenen Daten \u00fcber Sie anzufordern,<\/li>\n\n\n\n<li>uns aufzufordern, Ihre personenbezogenen Daten in unseren Unterlagen zu korrigieren, zu aktualisieren oder zu l\u00f6schen, und<\/li>\n\n\n\n<li>uns jede missbr\u00e4uchliche Nutzung Ihrer personenbezogenen Daten zu melden.<\/li>\n<\/ol>\n\n\n\n<p>Wenn Sie der Ansicht sind, dass Ihre personenbezogenen Daten nicht in \u00dcbereinstimmung mit dem Gesetz verarbeitet worden sind, sind Sie berechtigt, sich an die CNPD (<a href=\"http:\/\/www.cnpd.lu\" data-type=\"link\" data-id=\"www.cnpd.lu\" target=\"_blank\" rel=\"noopener\">www.cnpd.lu<\/a> oder <a href=\"mailto:databreach@cnpd.lu\">databreach@cnpd.lu<\/a>) zu wenden und dort Beschwerde einzulegen. Gerne k\u00f6nnen Sie sich vorab mit uns in Verbindung setzen, damit wir die Situation kl\u00e4ren.<\/p>\n","protected":false},"excerpt":{"rendered":"<p>Allgemeine Informationen Unsere Verpflichtung Klima-Agence verpflichtet sich, Ihre Privatsph\u00e4re und Angaben zu Ihrer Person zu sch\u00fctzen. Wir halten uns an alle geltenden Regelungen zum Schutz von personenbezogenen Daten und arbeiten mit der luxemburgischen Datenschutzbeh\u00f6rde (CNPD) zusammen. Die vorliegenden Verhaltensregeln zum Schutz der Privatsph\u00e4re erl\u00e4utern unsere Datenschutzpolitik, obwohl die Website Seismik.lu keine personenbezogenen Daten sammelt. Was [&hellip;]<\/p>\n","protected":false},"author":1,"featured_media":0,"parent":0,"menu_order":0,"comment_status":"closed","ping_status":"closed","template":"","meta":{"_acf_changed":false,"footnotes":""},"class_list":["post-274","page","type-page","status-publish","hentry"],"acf":[],"_links":{"self":[{"href":"https:\/\/seismik.lu\/de\/wp-json\/wp\/v2\/pages\/274","targetHints":{"allow":["GET"]}}],"collection":[{"href":"https:\/\/seismik.lu\/de\/wp-json\/wp\/v2\/pages"}],"about":[{"href":"https:\/\/seismik.lu\/de\/wp-json\/wp\/v2\/types\/page"}],"author":[{"embeddable":true,"href":"https:\/\/seismik.lu\/de\/wp-json\/wp\/v2\/users\/1"}],"replies":[{"embeddable":true,"href":"https:\/\/seismik.lu\/de\/wp-json\/wp\/v2\/comments?post=274"}],"version-history":[{"count":1,"href":"https:\/\/seismik.lu\/de\/wp-json\/wp\/v2\/pages\/274\/revisions"}],"predecessor-version":[{"id":275,"href":"https:\/\/seismik.lu\/de\/wp-json\/wp\/v2\/pages\/274\/revisions\/275"}],"wp:attachment":[{"href":"https:\/\/seismik.lu\/de\/wp-json\/wp\/v2\/media?parent=274"}],"curies":[{"name":"wp","href":"https:\/\/api.w.org\/{rel}","templated":true}]}}