{"id":281,"date":"2023-10-19T14:30:27","date_gmt":"2023-10-19T14:30:27","guid":{"rendered":"https:\/\/seismik.lu\/?page_id=281"},"modified":"2023-10-19T14:33:36","modified_gmt":"2023-10-19T14:33:36","slug":"impressum","status":"publish","type":"page","link":"https:\/\/seismik.lu\/de\/impressum\/","title":{"rendered":"Impressum"},"content":{"rendered":"\n<p>Klima-Agence G.I.E. betreibt diese Webseite (im Folgenden &#8222;die Webseite&#8220;), um den \u00f6ffentlichen Zugang zu Informationen \u00fcber das Projekt zur Vermessung des Untergrunds in der s\u00fcdlichen Region Luxemburgs.<\/p>\n\n\n\n<h2 class=\"wp-block-heading\">Haftungsbeschr\u00e4nkung<\/h2>\n\n\n\n<p>Der Inhalt der seismik.lu Webseite wird ausschlie\u00dflich zu Informationszwecken angegeben. Die Webseite kann Angaben enthalten, die nicht notwendigerweise vollst\u00e4ndig, umfassend und aktuell sind oder der Realit\u00e4t des gegenw\u00e4rtigen Zeitpunkts entsprechen. Es wird jede Anstrengung unternommen, um korrekte und aktuelle Informationen \u00fcber die Webseite bereitzustellen. Es kann jedoch keine Gew\u00e4hr f\u00fcr die Richtigkeit dieser Informationen \u00fcbernommen werden. Klima-Agence G.I.E. setzt alles daran, alle eventuellen Fehler zu berichtigen, von denen wir Kenntnis erhalten haben.<\/p>\n\n\n\n<p>Klima-Agence G.I.E. lehnt jede Verantwortung bez\u00fcglich der durch die Webseite verbreiteten Informationen ab. Im Allgemeinen bezieht sich die Webseite auf externe Webseiten, \u00fcber die Klima-Agence G.I.E. keine Kontrolle aus\u00fcbt und f\u00fcr die wir, wie auch f\u00fcr deren Inhalt, jegliche Verantwortung ablehnen. Klima-Agence G.I.E. lehnt jede Verantwortung im Falle der Nutzung der auf der Webseite ver\u00f6ffentlichten Informationen durch Dritte ab.<\/p>\n\n\n\n<h2 class=\"wp-block-heading\">Urheberrecht<\/h2>\n\n\n\n<p>Vorbehaltlich anderslautender Angaben ist die Verbreitung der auf der seismik.lu Webseite enthaltenen Informationen f\u00fcr nicht kommerzielle Zwecke gestattet, sofern die Quelle ausdr\u00fccklich angegeben wird. Diese Bestimmung gilt nicht f\u00fcr Informationen auf der Webseite, die Eigentum Dritter sind. Die Erlaubnis zur Wiedergabe dieses Materials muss beim Inhaber des Urheberrechts eingeholt werden.<\/p>\n\n\n\n<p>Klima-Agence dankt Smart Seismic Solutions, der Stra\u00dfenbauverwaltung, und dem Service g\u00e9ologique de l\u2019\u00c9tat f\u00fcr die Nutzung der auf dieser Website zur Verf\u00fcgung gestellten Bilder. Wie die \u00fcbrigen auf der Website ver\u00f6ffentlichten Inhalte d\u00fcrfen diese Bilder nicht ohne vorherige Genehmigung der Inhaber des Urheberrechts verwendet werden.<\/p>\n","protected":false},"excerpt":{"rendered":"<p>Klima-Agence G.I.E. betreibt diese Webseite (im Folgenden &#8222;die Webseite&#8220;), um den \u00f6ffentlichen Zugang zu Informationen \u00fcber das Projekt zur Vermessung des Untergrunds in der s\u00fcdlichen Region Luxemburgs. Haftungsbeschr\u00e4nkung Der Inhalt der seismik.lu Webseite wird ausschlie\u00dflich zu Informationszwecken angegeben. Die Webseite kann Angaben enthalten, die nicht notwendigerweise vollst\u00e4ndig, umfassend und aktuell sind oder der Realit\u00e4t des [&hellip;]<\/p>\n","protected":false},"author":1,"featured_media":0,"parent":0,"menu_order":0,"comment_status":"closed","ping_status":"closed","template":"","meta":{"_acf_changed":false,"footnotes":""},"class_list":["post-281","page","type-page","status-publish","hentry"],"acf":[],"_links":{"self":[{"href":"https:\/\/seismik.lu\/de\/wp-json\/wp\/v2\/pages\/281","targetHints":{"allow":["GET"]}}],"collection":[{"href":"https:\/\/seismik.lu\/de\/wp-json\/wp\/v2\/pages"}],"about":[{"href":"https:\/\/seismik.lu\/de\/wp-json\/wp\/v2\/types\/page"}],"author":[{"embeddable":true,"href":"https:\/\/seismik.lu\/de\/wp-json\/wp\/v2\/users\/1"}],"replies":[{"embeddable":true,"href":"https:\/\/seismik.lu\/de\/wp-json\/wp\/v2\/comments?post=281"}],"version-history":[{"count":1,"href":"https:\/\/seismik.lu\/de\/wp-json\/wp\/v2\/pages\/281\/revisions"}],"predecessor-version":[{"id":282,"href":"https:\/\/seismik.lu\/de\/wp-json\/wp\/v2\/pages\/281\/revisions\/282"}],"wp:attachment":[{"href":"https:\/\/seismik.lu\/de\/wp-json\/wp\/v2\/media?parent=281"}],"curies":[{"name":"wp","href":"https:\/\/api.w.org\/{rel}","templated":true}]}}